{"id":270,"date":"2018-03-12T18:46:14","date_gmt":"2018-03-12T18:46:14","guid":{"rendered":"http:\/\/www.saklub-idrija.si\/?page_id=270"},"modified":"2021-02-17T12:45:53","modified_gmt":"2021-02-17T12:45:53","slug":"drugi-o-nas","status":"publish","type":"page","link":"http:\/\/www.saklub-idrija.si\/?page_id=270","title":{"rendered":"SAMI O SEBI IN DRUGI O NAS"},"content":{"rendered":"<p>Tale Mustrova bi tudi lahko bila o nas \ud83d\ude42 :&nbsp;<i>\u201cOstani otro\u010dji. Veseli se neumnosti, \u010de je zabavna.\u201d<\/i><\/p>\n<p><a href=\"http:\/\/www.saklub-idrija.si\/mediji.htm\" target=\"_blank\" rel=\"noopener noreferrer\">Iz cajtngov<\/a><\/p>\n<p><a href=\"http:\/\/www.kolektor.si\/resources\/files\/katalog\/komutatorji\/Komunitator_poletje_2017.pdf\" target=\"_blank\" rel=\"noopener noreferrer\">Komunitator pred poletno tekmo 2017<\/a>&nbsp;(od strani 52 do 55)<\/p>\n<p><a href=\"http:\/\/www.idrija.com\/02video\/arhiv\/sankanje%20taler-16.2.09.wmv\" target=\"_blank\" rel=\"noopener noreferrer\">Posnetek RTV SLO DP 2009<\/a><\/p>\n<p><a href=\"http:\/\/4d.rtvslo.si\/arhiv\/primorska-kronika\/28525097\" target=\"_blank\" rel=\"noopener noreferrer\">Primorska kronika DP 2009<\/a>&nbsp;od nekje 16:19 naprej<\/p>\n<p><a href=\"https:\/\/drive.google.com\/open?id=1o5tDtEgWUbABCv3p8AFV3jKpR_7dB90y\" target=\"_blank\" rel=\"noopener noreferrer\">Publikacija<\/a>&nbsp; izdana ob 50. obletnici kluba<\/p>\n<p><strong>Tajnikov nakladalni koti\u010dek:<\/strong><\/p>\n<p><a href=\"http:\/\/caravaning.si\/dave\/?p=4044\" target=\"_blank\" rel=\"noopener noreferrer\">San(j)ke<\/a><\/p>\n<p><a href=\"http:\/\/caravaning.si\/dave\/?p=3987\" target=\"_blank\" rel=\"noopener noreferrer\">Rock&amp;Roll-enrodeln <\/a><\/p>\n<p><a href=\"http:\/\/caravaning.si\/dave\/?p=2944\" target=\"_blank\" rel=\"noopener noreferrer\">Sankanje<\/a><\/p>\n<p style=\"text-align: center;\">(po vseh letih \u0161e kar) <strong>Brez naslova<\/strong><\/p>\n<p style=\"text-align: center;\">Ti, ki v snegu i\u0161\u010de\u0161 isker,<br \/>\nglava rada nosi pisker,<br \/>\nnoga ledu se ne vda,<br \/>\nhitrost pod tabo ropota.<\/p>\n<p style=\"text-align: center;\">&#8216;Ta zadno&#8217; rabi\u0161 za ostanke,<br \/>\nsicer bi tam prirasle sanke!<\/p>\n<p style=\"text-align: center;\">Smrekov ploh; al smreka, skala,<br \/>\nfajn, \u010de je senena bala.<br \/>\nKo si mimo in je konec,<br \/>\n\u010daka dru\u017eba, gla\u017e in lonec.<\/p>\n<p style=\"text-align: center;\">&#8216;Ta zadno&#8217; rabi\u0161 za ostanke,<br \/>\nsicer bi tam prirasle sanke!<\/p>\n<p style=\"text-align: center;\">Spomnil si se \u0161e ne\u010desa:<br \/>\n&#8220;Barj\u00e1n izumil je kolesa!&#8221;<br \/>\nZdaj vle\u010de te v breg,<br \/>\nnaj asfalt bo al pa sneg.<\/p>\n<p style=\"text-align: center;\">&#8216;Ta zadno&#8217; rabi\u0161 za ostanke,<br \/>\nsicer bi tam prirasle sanke!<\/p>\n<p><a href=\"http:\/\/www.saklub-idrija.si\/wp-content\/uploads\/2020\/01\/BannerDolNov.jpg\"><img loading=\"lazy\" decoding=\"async\" class=\"aligncenter size-full wp-image-1758\" src=\"http:\/\/www.saklub-idrija.si\/wp-content\/uploads\/2020\/01\/BannerDolNov.jpg\" alt=\"\" width=\"1582\" height=\"170\" srcset=\"http:\/\/www.saklub-idrija.si\/wp-content\/uploads\/2020\/01\/BannerDolNov.jpg 1582w, http:\/\/www.saklub-idrija.si\/wp-content\/uploads\/2020\/01\/BannerDolNov-300x32.jpg 300w, http:\/\/www.saklub-idrija.si\/wp-content\/uploads\/2020\/01\/BannerDolNov-1024x110.jpg 1024w, http:\/\/www.saklub-idrija.si\/wp-content\/uploads\/2020\/01\/BannerDolNov-768x83.jpg 768w, http:\/\/www.saklub-idrija.si\/wp-content\/uploads\/2020\/01\/BannerDolNov-1536x165.jpg 1536w, http:\/\/www.saklub-idrija.si\/wp-content\/uploads\/2020\/01\/BannerDolNov-370x40.jpg 370w, http:\/\/www.saklub-idrija.si\/wp-content\/uploads\/2020\/01\/BannerDolNov-1040x112.jpg 1040w\" sizes=\"(max-width: 1582px) 100vw, 1582px\" \/><\/a><\/p>\n","protected":false},"excerpt":{"rendered":"<p>Tale Mustrova bi tudi lahko bila o nas \ud83d\ude42 :&nbsp;\u201cOstani otro\u010dji. Veseli se neumnosti, \u010de je zabavna.\u201d Iz cajtngov Komunitator pred poletno tekmo 2017&nbsp;(od strani 52 do 55) Posnetek RTV SLO DP 2009 Primorska kronika[&#8230;]<\/p>\n","protected":false},"author":2,"featured_media":0,"parent":0,"menu_order":0,"comment_status":"closed","ping_status":"closed","template":"","meta":{"footnotes":""},"_links":{"self":[{"href":"http:\/\/www.saklub-idrija.si\/index.php?rest_route=\/wp\/v2\/pages\/270"}],"collection":[{"href":"http:\/\/www.saklub-idrija.si\/index.php?rest_route=\/wp\/v2\/pages"}],"about":[{"href":"http:\/\/www.saklub-idrija.si\/index.php?rest_route=\/wp\/v2\/types\/page"}],"author":[{"embeddable":true,"href":"http:\/\/www.saklub-idrija.si\/index.php?rest_route=\/wp\/v2\/users\/2"}],"replies":[{"embeddable":true,"href":"http:\/\/www.saklub-idrija.si\/index.php?rest_route=%2Fwp%2Fv2%2Fcomments&post=270"}],"version-history":[{"count":15,"href":"http:\/\/www.saklub-idrija.si\/index.php?rest_route=\/wp\/v2\/pages\/270\/revisions"}],"predecessor-version":[{"id":1784,"href":"http:\/\/www.saklub-idrija.si\/index.php?rest_route=\/wp\/v2\/pages\/270\/revisions\/1784"}],"wp:attachment":[{"href":"http:\/\/www.saklub-idrija.si\/index.php?rest_route=%2Fwp%2Fv2%2Fmedia&parent=270"}],"curies":[{"name":"wp","href":"https:\/\/api.w.org\/{rel}","templated":true}]}}