{"id":390,"date":"2018-03-16T20:37:01","date_gmt":"2018-03-16T20:37:01","guid":{"rendered":"http:\/\/www.saklub-idrija.si\/?page_id=390"},"modified":"2021-02-17T12:45:28","modified_gmt":"2021-02-17T12:45:28","slug":"podatki-o-drustvu","status":"publish","type":"page","link":"http:\/\/www.saklub-idrija.si\/?page_id=390","title":{"rendered":"Podatki o dru\u0161tvu"},"content":{"rendered":"<ul>\n<li>Naziv \u0161portnega dru\u0161tva: Sanka\u0161ki klub Idrija<\/li>\n<li>Datum ustanovitve: 24.6.1958<\/li>\n<li>Predsednik in zakoniti zastopnik: Stanislav Koler<\/li>\n<li><a href=\"http:\/\/www.saklub-idrija.si\/?page_id=98\" target=\"_blank\" rel=\"noopener noreferrer\">Vsi organi dru\u0161tva<\/a><\/li>\n<li>Dru\u0161tvo deluje v javnem interesu<\/li>\n<li>Sede\u017e: Ro\u017ena ulica 2a, 5280 Idrija<\/li>\n<li>Dav\u010dna \u0161tevilka: 51968517<\/li>\n<li>Mati\u010dna \u0161tevilka: 5127211000<\/li>\n<li>Nismo zavezanec za DDV<\/li>\n<li>Kontakt: Tajnik dru\u0161tva David Velikanje\n<ul>\n<li>GSM: <span class=\"baec5a81-e4d6-4674-97f3-e9220f0136c1\" style=\"white-space: nowrap;\">+386 31 35 66 25<a style=\"margin: 0px; border: currentColor; left: 0px; top: 0px; width: 16px; height: 16px; right: 0px; bottom: 0px; overflow: hidden; vertical-align: middle; float: none; display: inline; white-space: nowrap; position: static !important;\" title=\"Pokli\u010di: +386 31 35 66 25\" href=\"#\"><img decoding=\"async\" style=\"margin: 0px; border: currentColor; left: 0px; top: 0px; width: 16px; height: 16px; right: 0px; bottom: 0px; overflow: hidden; vertical-align: middle; float: none; display: inline; white-space: nowrap; position: static !important;\" title=\"Pokli\u010di: +386 31 35 66 25\" src=\"data:image\/png;base64,iVBORw0KGgoAAAANSUhEUgAAABAAAAAQCAYAAAAf8\/9hAAABcklEQVR4XpXTPUvDUBTH4aR2c2hBQXGpTiIORhBcBOvgYKf0Awi+4Ggr1MVPIIrYdnEpShddHIyLi6AVXVxsRRDRwbi4KNgu4lCIv8i\/i6QRDzycy+09555LqOl5nhEUptPoJe1iDHU8oYlrlDw79m4QEbSLPexzsIc8hDRm8YBjLpj4q8EgxQdab+MNd4ghhQ2adIc1+ORAFEnWWfTDRp7GDfImlsIavKALLuqoqMGUCs4wHtagiQ5uc8kDyCOBKlP1k78QNTOZnMXCQRxWsbjl6iuskV41SQG2Gj9rikvcR1WcgKFDBa1LOEUK56hqv8BUFV3SGWkVS9JQ6Dsv4wQ1DKMPORUvkm78BhdQMI1CTa5I0yrcwSFqFD+SZ7DQesIkCG5S\/JpkHYERQRmuNsrZ7Grc+Ef8\/Bcoslkfae8Wc7CUHZ++TuAEBj86pHntjaDKXllPy6PW\/gkKFaThwp\/K87N8hDcQTTKKFTioSxqB8Q2BNX5JtAljwgAAAABJRU5ErkJggg==\"><\/a><\/span><\/li>\n<li>E-mail: sak.idrija@gmail.com<\/li>\n<\/ul>\n<\/li>\n<\/ul>\n<p><a href=\"http:\/\/www.saklub-idrija.si\/wp-content\/uploads\/2020\/01\/BannerDolNov.jpg\"><img loading=\"lazy\" decoding=\"async\" class=\"aligncenter size-full wp-image-1758\" src=\"http:\/\/www.saklub-idrija.si\/wp-content\/uploads\/2020\/01\/BannerDolNov.jpg\" alt=\"\" width=\"1582\" height=\"170\" srcset=\"http:\/\/www.saklub-idrija.si\/wp-content\/uploads\/2020\/01\/BannerDolNov.jpg 1582w, http:\/\/www.saklub-idrija.si\/wp-content\/uploads\/2020\/01\/BannerDolNov-300x32.jpg 300w, http:\/\/www.saklub-idrija.si\/wp-content\/uploads\/2020\/01\/BannerDolNov-1024x110.jpg 1024w, http:\/\/www.saklub-idrija.si\/wp-content\/uploads\/2020\/01\/BannerDolNov-768x83.jpg 768w, http:\/\/www.saklub-idrija.si\/wp-content\/uploads\/2020\/01\/BannerDolNov-1536x165.jpg 1536w, http:\/\/www.saklub-idrija.si\/wp-content\/uploads\/2020\/01\/BannerDolNov-370x40.jpg 370w, http:\/\/www.saklub-idrija.si\/wp-content\/uploads\/2020\/01\/BannerDolNov-1040x112.jpg 1040w\" sizes=\"(max-width: 1582px) 100vw, 1582px\" \/><\/a><\/p>\n","protected":false},"excerpt":{"rendered":"<p>Naziv \u0161portnega dru\u0161tva: Sanka\u0161ki klub Idrija Datum ustanovitve: 24.6.1958 Predsednik in zakoniti zastopnik: Stanislav Koler Vsi organi dru\u0161tva Dru\u0161tvo deluje v javnem interesu Sede\u017e: Ro\u017ena ulica 2a, 5280 Idrija Dav\u010dna \u0161tevilka: 51968517 Mati\u010dna \u0161tevilka: 5127211000[&#8230;]<\/p>\n","protected":false},"author":2,"featured_media":0,"parent":270,"menu_order":0,"comment_status":"closed","ping_status":"closed","template":"","meta":{"footnotes":""},"_links":{"self":[{"href":"http:\/\/www.saklub-idrija.si\/index.php?rest_route=\/wp\/v2\/pages\/390"}],"collection":[{"href":"http:\/\/www.saklub-idrija.si\/index.php?rest_route=\/wp\/v2\/pages"}],"about":[{"href":"http:\/\/www.saklub-idrija.si\/index.php?rest_route=\/wp\/v2\/types\/page"}],"author":[{"embeddable":true,"href":"http:\/\/www.saklub-idrija.si\/index.php?rest_route=\/wp\/v2\/users\/2"}],"replies":[{"embeddable":true,"href":"http:\/\/www.saklub-idrija.si\/index.php?rest_route=%2Fwp%2Fv2%2Fcomments&post=390"}],"version-history":[{"count":6,"href":"http:\/\/www.saklub-idrija.si\/index.php?rest_route=\/wp\/v2\/pages\/390\/revisions"}],"predecessor-version":[{"id":1783,"href":"http:\/\/www.saklub-idrija.si\/index.php?rest_route=\/wp\/v2\/pages\/390\/revisions\/1783"}],"up":[{"embeddable":true,"href":"http:\/\/www.saklub-idrija.si\/index.php?rest_route=\/wp\/v2\/pages\/270"}],"wp:attachment":[{"href":"http:\/\/www.saklub-idrija.si\/index.php?rest_route=%2Fwp%2Fv2%2Fmedia&parent=390"}],"curies":[{"name":"wp","href":"https:\/\/api.w.org\/{rel}","templated":true}]}}