{"id":679,"date":"2018-11-21T20:08:33","date_gmt":"2018-11-21T20:08:33","guid":{"rendered":"http:\/\/www.saklub-idrija.si\/?page_id=679"},"modified":"2021-02-17T12:46:46","modified_gmt":"2021-02-17T12:46:46","slug":"obletnica-60","status":"publish","type":"page","link":"http:\/\/www.saklub-idrija.si\/?page_id=679","title":{"rendered":"OBLETNICA 60."},"content":{"rendered":"<p><strong>Sanka\u0161ki klub Idrija je bil ustanovljen v Idriji, v prostorih hotela Nanos, 24. junija leta 1958<\/strong><\/p>\n<p>Poleg novega izgleda&nbsp;internetne strani, je&nbsp;klub za rojstni dan dobil tudi manj\u0161o razstavico. Ker smo ob obele\u017eevanju <a href=\"http:\/\/www.saklub-idrija.si\/?page_id=187\" target=\"_blank\" rel=\"noopener\">50. obletnice<\/a> (z <a href=\"https:\/\/mojalbum.com\/didl\/otvoritev-razstave\" target=\"_blank\" rel=\"noopener\">razstavo<\/a> v galeriji Mestne knji\u017enice) ob\u0161irneje predstavili klub skozi zgodovino,&nbsp;smo se tokrat posvetili zadnjemu obdobju delovanja. V izlo\u017ebi na Mestnem trgu v Idriji smo gostovali od 25. novembra do&nbsp;16. decembra 2018.<\/p>\n<p style=\"text-align: center;\">Hvala Martini za oblikovanje panojev, Stanetu, Jasni, Robiju, Nu\u0161i, Tini in Urbanu pa za pomo\u010d pri postavljanju!<\/p>\n<h4>Makro:<\/h4>\n<figure id=\"attachment_709\" aria-describedby=\"caption-attachment-709\" style=\"width: 900px\" class=\"wp-caption aligncenter\"><img loading=\"lazy\" decoding=\"async\" class=\"wp-image-709 size-full\" src=\"http:\/\/www.saklub-idrija.si\/wp-content\/uploads\/2018\/11\/Obslogg.jpg\" alt=\"\" width=\"900\" height=\"731\" srcset=\"http:\/\/www.saklub-idrija.si\/wp-content\/uploads\/2018\/11\/Obslogg.jpg 900w, http:\/\/www.saklub-idrija.si\/wp-content\/uploads\/2018\/11\/Obslogg-300x244.jpg 300w, http:\/\/www.saklub-idrija.si\/wp-content\/uploads\/2018\/11\/Obslogg-768x624.jpg 768w, http:\/\/www.saklub-idrija.si\/wp-content\/uploads\/2018\/11\/Obslogg-370x301.jpg 370w\" sizes=\"(max-width: 900px) 100vw, 900px\" \/><figcaption id=\"caption-attachment-709\" class=\"wp-caption-text\">Obslog na placu<\/figcaption><\/figure>\n<p>&nbsp;<\/p>\n<figure id=\"attachment_720\" aria-describedby=\"caption-attachment-720\" style=\"width: 765px\" class=\"wp-caption aligncenter\"><img loading=\"lazy\" decoding=\"async\" class=\"size-full wp-image-720\" src=\"http:\/\/www.saklub-idrija.si\/wp-content\/uploads\/2018\/11\/IMG_20181126_203617_resized_20181126_083626028.jpg\" alt=\"\" width=\"765\" height=\"716\" srcset=\"http:\/\/www.saklub-idrija.si\/wp-content\/uploads\/2018\/11\/IMG_20181126_203617_resized_20181126_083626028.jpg 765w, http:\/\/www.saklub-idrija.si\/wp-content\/uploads\/2018\/11\/IMG_20181126_203617_resized_20181126_083626028-300x281.jpg 300w, http:\/\/www.saklub-idrija.si\/wp-content\/uploads\/2018\/11\/IMG_20181126_203617_resized_20181126_083626028-370x346.jpg 370w\" sizes=\"(max-width: 765px) 100vw, 765px\" \/><figcaption id=\"caption-attachment-720\" class=\"wp-caption-text\">Baj najt<\/figcaption><\/figure>\n<h4>Panoji:<\/h4>\n<figure id=\"attachment_706\" aria-describedby=\"caption-attachment-706\" style=\"width: 450px\" class=\"wp-caption aligncenter\"><img loading=\"lazy\" decoding=\"async\" class=\"size-full wp-image-706\" src=\"http:\/\/www.saklub-idrija.si\/wp-content\/uploads\/2018\/11\/1pano.jpg\" alt=\"\" width=\"450\" height=\"956\" srcset=\"http:\/\/www.saklub-idrija.si\/wp-content\/uploads\/2018\/11\/1pano.jpg 450w, http:\/\/www.saklub-idrija.si\/wp-content\/uploads\/2018\/11\/1pano-141x300.jpg 141w, http:\/\/www.saklub-idrija.si\/wp-content\/uploads\/2018\/11\/1pano-370x786.jpg 370w\" sizes=\"(max-width: 450px) 100vw, 450px\" \/><figcaption id=\"caption-attachment-706\" class=\"wp-caption-text\">60 let<\/figcaption><\/figure>\n<p>&nbsp;<\/p>\n<figure id=\"attachment_707\" aria-describedby=\"caption-attachment-707\" style=\"width: 450px\" class=\"wp-caption aligncenter\"><img loading=\"lazy\" decoding=\"async\" class=\"size-full wp-image-707\" src=\"http:\/\/www.saklub-idrija.si\/wp-content\/uploads\/2018\/11\/2pano.jpg\" alt=\"\" width=\"450\" height=\"946\" srcset=\"http:\/\/www.saklub-idrija.si\/wp-content\/uploads\/2018\/11\/2pano.jpg 450w, http:\/\/www.saklub-idrija.si\/wp-content\/uploads\/2018\/11\/2pano-143x300.jpg 143w, http:\/\/www.saklub-idrija.si\/wp-content\/uploads\/2018\/11\/2pano-370x778.jpg 370w\" sizes=\"(max-width: 450px) 100vw, 450px\" \/><figcaption id=\"caption-attachment-707\" class=\"wp-caption-text\">Zadnjih 18<\/figcaption><\/figure>\n<p>&nbsp;<\/p>\n<figure id=\"attachment_708\" aria-describedby=\"caption-attachment-708\" style=\"width: 450px\" class=\"wp-caption aligncenter\"><img loading=\"lazy\" decoding=\"async\" class=\"size-full wp-image-708\" src=\"http:\/\/www.saklub-idrija.si\/wp-content\/uploads\/2018\/11\/3pano.jpg\" alt=\"\" width=\"450\" height=\"807\" srcset=\"http:\/\/www.saklub-idrija.si\/wp-content\/uploads\/2018\/11\/3pano.jpg 450w, http:\/\/www.saklub-idrija.si\/wp-content\/uploads\/2018\/11\/3pano-167x300.jpg 167w, http:\/\/www.saklub-idrija.si\/wp-content\/uploads\/2018\/11\/3pano-370x664.jpg 370w\" sizes=\"(max-width: 450px) 100vw, 450px\" \/><figcaption id=\"caption-attachment-708\" class=\"wp-caption-text\">Zadnja 3<\/figcaption><\/figure>\n<h4>Detajli:<\/h4>\n<figure id=\"attachment_752\" aria-describedby=\"caption-attachment-752\" style=\"width: 418px\" class=\"wp-caption aligncenter\"><img loading=\"lazy\" decoding=\"async\" class=\"size-full wp-image-752\" src=\"http:\/\/www.saklub-idrija.si\/wp-content\/uploads\/2018\/12\/Letno.jpg\" alt=\"\" width=\"418\" height=\"900\" srcset=\"http:\/\/www.saklub-idrija.si\/wp-content\/uploads\/2018\/12\/Letno.jpg 418w, http:\/\/www.saklub-idrija.si\/wp-content\/uploads\/2018\/12\/Letno-139x300.jpg 139w, http:\/\/www.saklub-idrija.si\/wp-content\/uploads\/2018\/12\/Letno-370x797.jpg 370w\" sizes=\"(max-width: 418px) 100vw, 418px\" \/><figcaption id=\"caption-attachment-752\" class=\"wp-caption-text\">Oprema za poletno sankanje<\/figcaption><\/figure>\n<p>&nbsp;<\/p>\n<figure id=\"attachment_755\" aria-describedby=\"caption-attachment-755\" style=\"width: 420px\" class=\"wp-caption aligncenter\"><img loading=\"lazy\" decoding=\"async\" class=\"size-full wp-image-755\" src=\"http:\/\/www.saklub-idrija.si\/wp-content\/uploads\/2018\/12\/\u0160portno.jpg\" alt=\"\" width=\"420\" height=\"767\" srcset=\"http:\/\/www.saklub-idrija.si\/wp-content\/uploads\/2018\/12\/\u0160portno.jpg 420w, http:\/\/www.saklub-idrija.si\/wp-content\/uploads\/2018\/12\/\u0160portno-164x300.jpg 164w, http:\/\/www.saklub-idrija.si\/wp-content\/uploads\/2018\/12\/\u0160portno-370x676.jpg 370w\" sizes=\"(max-width: 420px) 100vw, 420px\" \/><figcaption id=\"caption-attachment-755\" class=\"wp-caption-text\">Oprema za \u0161portno sankanje in odli\u010dja z idrijskih tekmovanj<\/figcaption><\/figure>\n<p>&nbsp;<\/p>\n<figure id=\"attachment_753\" aria-describedby=\"caption-attachment-753\" style=\"width: 420px\" class=\"wp-caption aligncenter\"><img loading=\"lazy\" decoding=\"async\" class=\"size-full wp-image-753\" src=\"http:\/\/www.saklub-idrija.si\/wp-content\/uploads\/2018\/12\/Na\u0161aPriznanja.jpg\" alt=\"\" width=\"420\" height=\"272\" srcset=\"http:\/\/www.saklub-idrija.si\/wp-content\/uploads\/2018\/12\/Na\u0161aPriznanja.jpg 420w, http:\/\/www.saklub-idrija.si\/wp-content\/uploads\/2018\/12\/Na\u0161aPriznanja-300x194.jpg 300w, http:\/\/www.saklub-idrija.si\/wp-content\/uploads\/2018\/12\/Na\u0161aPriznanja-370x240.jpg 370w\" sizes=\"(max-width: 420px) 100vw, 420px\" \/><figcaption id=\"caption-attachment-753\" class=\"wp-caption-text\">Kolajne in taler z idrijskih tekmovanj<\/figcaption><\/figure>\n<p>&nbsp;<\/p>\n<figure id=\"attachment_754\" aria-describedby=\"caption-attachment-754\" style=\"width: 420px\" class=\"wp-caption aligncenter\"><img loading=\"lazy\" decoding=\"async\" class=\"size-full wp-image-754\" src=\"http:\/\/www.saklub-idrija.si\/wp-content\/uploads\/2018\/12\/Pokali.jpg\" alt=\"\" width=\"420\" height=\"465\" srcset=\"http:\/\/www.saklub-idrija.si\/wp-content\/uploads\/2018\/12\/Pokali.jpg 420w, http:\/\/www.saklub-idrija.si\/wp-content\/uploads\/2018\/12\/Pokali-271x300.jpg 271w, http:\/\/www.saklub-idrija.si\/wp-content\/uploads\/2018\/12\/Pokali-370x410.jpg 370w\" sizes=\"(max-width: 420px) 100vw, 420px\" \/><figcaption id=\"caption-attachment-754\" class=\"wp-caption-text\">Pokali z razli\u010dnih tekmovanj v poletnem in \u0161portnem sankanju<\/figcaption><\/figure>\n<p>&nbsp;<\/p>\n<figure id=\"attachment_751\" aria-describedby=\"caption-attachment-751\" style=\"width: 420px\" class=\"wp-caption aligncenter\"><img loading=\"lazy\" decoding=\"async\" class=\"size-full wp-image-751\" src=\"http:\/\/www.saklub-idrija.si\/wp-content\/uploads\/2018\/12\/Kolajne2.jpg\" alt=\"\" width=\"420\" height=\"696\" srcset=\"http:\/\/www.saklub-idrija.si\/wp-content\/uploads\/2018\/12\/Kolajne2.jpg 420w, http:\/\/www.saklub-idrija.si\/wp-content\/uploads\/2018\/12\/Kolajne2-181x300.jpg 181w, http:\/\/www.saklub-idrija.si\/wp-content\/uploads\/2018\/12\/Kolajne2-370x613.jpg 370w\" sizes=\"(max-width: 420px) 100vw, 420px\" \/><figcaption id=\"caption-attachment-751\" class=\"wp-caption-text\">Medalje s svetovnih, evropskih in dr\u017eavnih prvenstev. \u0160tevilka z mo\u0161tvene vo\u017enje SP.<\/figcaption><\/figure>\n<p>&nbsp;<\/p>\n<p><a href=\"http:\/\/www.saklub-idrija.si\/?page_id=187\" target=\"_blank\" rel=\"noopener\">OBLETNICA 50.<\/a><br \/>\n&nbsp;<br \/>\n<a href=\"http:\/\/www.saklub-idrija.si\/wp-content\/uploads\/2020\/01\/BannerDolNov.jpg\"><img loading=\"lazy\" decoding=\"async\" class=\"aligncenter size-full wp-image-1758\" src=\"http:\/\/www.saklub-idrija.si\/wp-content\/uploads\/2020\/01\/BannerDolNov.jpg\" alt=\"\" width=\"1582\" height=\"170\" srcset=\"http:\/\/www.saklub-idrija.si\/wp-content\/uploads\/2020\/01\/BannerDolNov.jpg 1582w, http:\/\/www.saklub-idrija.si\/wp-content\/uploads\/2020\/01\/BannerDolNov-300x32.jpg 300w, http:\/\/www.saklub-idrija.si\/wp-content\/uploads\/2020\/01\/BannerDolNov-1024x110.jpg 1024w, http:\/\/www.saklub-idrija.si\/wp-content\/uploads\/2020\/01\/BannerDolNov-768x83.jpg 768w, http:\/\/www.saklub-idrija.si\/wp-content\/uploads\/2020\/01\/BannerDolNov-1536x165.jpg 1536w, http:\/\/www.saklub-idrija.si\/wp-content\/uploads\/2020\/01\/BannerDolNov-370x40.jpg 370w, http:\/\/www.saklub-idrija.si\/wp-content\/uploads\/2020\/01\/BannerDolNov-1040x112.jpg 1040w\" sizes=\"(max-width: 1582px) 100vw, 1582px\" \/><\/a><\/p>\n","protected":false},"excerpt":{"rendered":"<p>Sanka\u0161ki klub Idrija je bil ustanovljen v Idriji, v prostorih hotela Nanos, 24. junija leta 1958 Poleg novega izgleda&nbsp;internetne strani, je&nbsp;klub za rojstni dan dobil tudi manj\u0161o razstavico. Ker smo ob obele\u017eevanju 50. obletnice (z[&#8230;]<\/p>\n","protected":false},"author":2,"featured_media":0,"parent":0,"menu_order":0,"comment_status":"closed","ping_status":"closed","template":"","meta":{"footnotes":""},"_links":{"self":[{"href":"http:\/\/www.saklub-idrija.si\/index.php?rest_route=\/wp\/v2\/pages\/679"}],"collection":[{"href":"http:\/\/www.saklub-idrija.si\/index.php?rest_route=\/wp\/v2\/pages"}],"about":[{"href":"http:\/\/www.saklub-idrija.si\/index.php?rest_route=\/wp\/v2\/types\/page"}],"author":[{"embeddable":true,"href":"http:\/\/www.saklub-idrija.si\/index.php?rest_route=\/wp\/v2\/users\/2"}],"replies":[{"embeddable":true,"href":"http:\/\/www.saklub-idrija.si\/index.php?rest_route=%2Fwp%2Fv2%2Fcomments&post=679"}],"version-history":[{"count":17,"href":"http:\/\/www.saklub-idrija.si\/index.php?rest_route=\/wp\/v2\/pages\/679\/revisions"}],"predecessor-version":[{"id":1787,"href":"http:\/\/www.saklub-idrija.si\/index.php?rest_route=\/wp\/v2\/pages\/679\/revisions\/1787"}],"wp:attachment":[{"href":"http:\/\/www.saklub-idrija.si\/index.php?rest_route=%2Fwp%2Fv2%2Fmedia&parent=679"}],"curies":[{"name":"wp","href":"https:\/\/api.w.org\/{rel}","templated":true}]}}