{"id":687,"date":"2018-11-10T22:19:18","date_gmt":"2018-11-10T22:19:18","guid":{"rendered":"http:\/\/www.saklub-idrija.si\/?page_id=687"},"modified":"2019-05-28T16:29:45","modified_gmt":"2019-05-28T16:29:45","slug":"humanitarna-odprava","status":"publish","type":"page","link":"http:\/\/www.saklub-idrija.si\/?page_id=687","title":{"rendered":"HUMANITARNO MEDICINSKA ODPRAVA MAJIWA 2019"},"content":{"rendered":"<p><strong>Tor. 28.5.-<\/strong> Skoraj dva meseca sta pretekla od zaklju\u010dka delovnega dela odprave. \u0160ele danes pi\u0161em iz enega samega razloga: mali Gavin, ki je potreboval nujno operacijo in za katerega smo zbirali dodatna finan\u010dna sredstva, je bil kon\u010dno operiran. Kot ka\u017ee, je vse OK! Tujki, ki so povzro\u010dali gnojenje v medplju\u010dnem prostoru, so uspe\u0161no odstranjeni!<\/p>\n<p>Iskrena hvala \u010dlanom odprave in vsem, ki ste nesebi\u010dno prispevali!<\/p>\n<figure id=\"attachment_1207\" aria-describedby=\"caption-attachment-1207\" style=\"width: 300px\" class=\"wp-caption aligncenter\"><a href=\"http:\/\/www.saklub-idrija.si\/wp-content\/uploads\/2019\/05\/Tujki.jpg\"><img loading=\"lazy\" decoding=\"async\" class=\"size-medium wp-image-1207\" src=\"http:\/\/www.saklub-idrija.si\/wp-content\/uploads\/2019\/05\/Tujki-300x200.jpg\" alt=\"\" width=\"300\" height=\"200\" srcset=\"http:\/\/www.saklub-idrija.si\/wp-content\/uploads\/2019\/05\/Tujki-300x200.jpg 300w, http:\/\/www.saklub-idrija.si\/wp-content\/uploads\/2019\/05\/Tujki-768x511.jpg 768w, http:\/\/www.saklub-idrija.si\/wp-content\/uploads\/2019\/05\/Tujki-1024x681.jpg 1024w, http:\/\/www.saklub-idrija.si\/wp-content\/uploads\/2019\/05\/Tujki-370x246.jpg 370w, http:\/\/www.saklub-idrija.si\/wp-content\/uploads\/2019\/05\/Tujki-1040x692.jpg 1040w, http:\/\/www.saklub-idrija.si\/wp-content\/uploads\/2019\/05\/Tujki.jpg 1160w\" sizes=\"(max-width: 300px) 100vw, 300px\" \/><\/a><figcaption id=\"caption-attachment-1207\" class=\"wp-caption-text\">Do ca. 25mm<\/figcaption><\/figure>\n<h3 style=\"text-align: center;\"><strong>PA SEVEDA EN NEIZMERNO VELIK LAJK ZA NA\u0160EGA ANDRA\u017dA!<\/strong><\/h3>\n<p><strong>Ned. 31.3.- <\/strong>Zadnji fotografiji z delovnega dela odprave:<\/p>\n<figure id=\"attachment_989\" aria-describedby=\"caption-attachment-989\" style=\"width: 700px\" class=\"wp-caption aligncenter\"><a href=\"http:\/\/www.saklub-idrija.si\/wp-content\/uploads\/2019\/04\/Majiwa2.jpg\"><img loading=\"lazy\" decoding=\"async\" class=\"wp-image-989 size-full\" src=\"http:\/\/www.saklub-idrija.si\/wp-content\/uploads\/2019\/04\/Majiwa2.jpg\" alt=\"\" width=\"700\" height=\"463\" srcset=\"http:\/\/www.saklub-idrija.si\/wp-content\/uploads\/2019\/04\/Majiwa2.jpg 700w, http:\/\/www.saklub-idrija.si\/wp-content\/uploads\/2019\/04\/Majiwa2-300x198.jpg 300w, http:\/\/www.saklub-idrija.si\/wp-content\/uploads\/2019\/04\/Majiwa2-370x245.jpg 370w\" sizes=\"(max-width: 700px) 100vw, 700px\" \/><\/a><figcaption id=\"caption-attachment-989\" class=\"wp-caption-text\">To je to<\/figcaption><\/figure>\n<figure id=\"attachment_988\" aria-describedby=\"caption-attachment-988\" style=\"width: 700px\" class=\"wp-caption aligncenter\"><a href=\"http:\/\/www.saklub-idrija.si\/wp-content\/uploads\/2019\/04\/Majiwa1.jpg\"><img loading=\"lazy\" decoding=\"async\" class=\"wp-image-988 size-full\" src=\"http:\/\/www.saklub-idrija.si\/wp-content\/uploads\/2019\/04\/Majiwa1.jpg\" alt=\"\" width=\"700\" height=\"463\" srcset=\"http:\/\/www.saklub-idrija.si\/wp-content\/uploads\/2019\/04\/Majiwa1.jpg 700w, http:\/\/www.saklub-idrija.si\/wp-content\/uploads\/2019\/04\/Majiwa1-300x198.jpg 300w, http:\/\/www.saklub-idrija.si\/wp-content\/uploads\/2019\/04\/Majiwa1-370x245.jpg 370w\" sizes=\"(max-width: 700px) 100vw, 700px\" \/><\/a><figcaption id=\"caption-attachment-988\" class=\"wp-caption-text\">Dajmo na\u0161i<\/figcaption><\/figure>\n<p><strong>Ned 12.3.- <\/strong>Malo je trajalo, da je naslednja po\u0161iljka slik pri\u0161la do objave. Nima\u0161 kej, zima je v Grapi zasedenje\u0161i del leta&#8230;<\/p>\n<p><a href=\"http:\/\/www.saklub-idrija.si\/wp-content\/uploads\/2019\/03\/IMG-20190206-WA0010.jpg\"><img loading=\"lazy\" decoding=\"async\" class=\"aligncenter wp-image-954 size-medium\" src=\"http:\/\/www.saklub-idrija.si\/wp-content\/uploads\/2019\/03\/IMG-20190206-WA0010-300x256.jpg\" alt=\"\" width=\"300\" height=\"256\" srcset=\"http:\/\/www.saklub-idrija.si\/wp-content\/uploads\/2019\/03\/IMG-20190206-WA0010-300x256.jpg 300w, http:\/\/www.saklub-idrija.si\/wp-content\/uploads\/2019\/03\/IMG-20190206-WA0010-768x654.jpg 768w, http:\/\/www.saklub-idrija.si\/wp-content\/uploads\/2019\/03\/IMG-20190206-WA0010-1024x872.jpg 1024w, http:\/\/www.saklub-idrija.si\/wp-content\/uploads\/2019\/03\/IMG-20190206-WA0010-370x315.jpg 370w, http:\/\/www.saklub-idrija.si\/wp-content\/uploads\/2019\/03\/IMG-20190206-WA0010-1040x886.jpg 1040w, http:\/\/www.saklub-idrija.si\/wp-content\/uploads\/2019\/03\/IMG-20190206-WA0010.jpg 1600w\" sizes=\"(max-width: 300px) 100vw, 300px\" \/><\/a> <a href=\"http:\/\/www.saklub-idrija.si\/wp-content\/uploads\/2019\/03\/IMG-20190206-WA0009.jpg\"><img loading=\"lazy\" decoding=\"async\" class=\"aligncenter wp-image-953 size-medium\" src=\"http:\/\/www.saklub-idrija.si\/wp-content\/uploads\/2019\/03\/IMG-20190206-WA0009-300x225.jpg\" alt=\"\" width=\"300\" height=\"225\" srcset=\"http:\/\/www.saklub-idrija.si\/wp-content\/uploads\/2019\/03\/IMG-20190206-WA0009-300x225.jpg 300w, http:\/\/www.saklub-idrija.si\/wp-content\/uploads\/2019\/03\/IMG-20190206-WA0009-768x576.jpg 768w, http:\/\/www.saklub-idrija.si\/wp-content\/uploads\/2019\/03\/IMG-20190206-WA0009-1024x768.jpg 1024w, http:\/\/www.saklub-idrija.si\/wp-content\/uploads\/2019\/03\/IMG-20190206-WA0009-370x278.jpg 370w, http:\/\/www.saklub-idrija.si\/wp-content\/uploads\/2019\/03\/IMG-20190206-WA0009-1040x780.jpg 1040w, http:\/\/www.saklub-idrija.si\/wp-content\/uploads\/2019\/03\/IMG-20190206-WA0009.jpg 1600w\" sizes=\"(max-width: 300px) 100vw, 300px\" \/><\/a> <a href=\"http:\/\/www.saklub-idrija.si\/wp-content\/uploads\/2019\/03\/IMG-20190206-WA0008.jpg\"><img loading=\"lazy\" decoding=\"async\" class=\"aligncenter wp-image-952 size-medium\" src=\"http:\/\/www.saklub-idrija.si\/wp-content\/uploads\/2019\/03\/IMG-20190206-WA0008-225x300.jpg\" alt=\"\" width=\"225\" height=\"300\" srcset=\"http:\/\/www.saklub-idrija.si\/wp-content\/uploads\/2019\/03\/IMG-20190206-WA0008-225x300.jpg 225w, http:\/\/www.saklub-idrija.si\/wp-content\/uploads\/2019\/03\/IMG-20190206-WA0008-768x1024.jpg 768w, http:\/\/www.saklub-idrija.si\/wp-content\/uploads\/2019\/03\/IMG-20190206-WA0008-370x493.jpg 370w, http:\/\/www.saklub-idrija.si\/wp-content\/uploads\/2019\/03\/IMG-20190206-WA0008-1040x1387.jpg 1040w, http:\/\/www.saklub-idrija.si\/wp-content\/uploads\/2019\/03\/IMG-20190206-WA0008.jpg 1200w\" sizes=\"(max-width: 225px) 100vw, 225px\" \/><\/a> <a href=\"http:\/\/www.saklub-idrija.si\/wp-content\/uploads\/2019\/03\/IMG-20190206-WA0007.jpg\"><img loading=\"lazy\" decoding=\"async\" class=\"aligncenter wp-image-951 size-medium\" src=\"http:\/\/www.saklub-idrija.si\/wp-content\/uploads\/2019\/03\/IMG-20190206-WA0007-300x225.jpg\" alt=\"\" width=\"300\" height=\"225\" srcset=\"http:\/\/www.saklub-idrija.si\/wp-content\/uploads\/2019\/03\/IMG-20190206-WA0007-300x225.jpg 300w, http:\/\/www.saklub-idrija.si\/wp-content\/uploads\/2019\/03\/IMG-20190206-WA0007-768x576.jpg 768w, http:\/\/www.saklub-idrija.si\/wp-content\/uploads\/2019\/03\/IMG-20190206-WA0007-1024x768.jpg 1024w, http:\/\/www.saklub-idrija.si\/wp-content\/uploads\/2019\/03\/IMG-20190206-WA0007-370x278.jpg 370w, http:\/\/www.saklub-idrija.si\/wp-content\/uploads\/2019\/03\/IMG-20190206-WA0007-1040x780.jpg 1040w, http:\/\/www.saklub-idrija.si\/wp-content\/uploads\/2019\/03\/IMG-20190206-WA0007.jpg 1600w\" sizes=\"(max-width: 300px) 100vw, 300px\" \/><\/a> <a href=\"http:\/\/www.saklub-idrija.si\/wp-content\/uploads\/2019\/03\/IMG-20190206-WA0006.jpg\"><img loading=\"lazy\" decoding=\"async\" class=\"aligncenter wp-image-950 size-medium\" src=\"http:\/\/www.saklub-idrija.si\/wp-content\/uploads\/2019\/03\/IMG-20190206-WA0006-300x225.jpg\" alt=\"\" width=\"300\" height=\"225\" srcset=\"http:\/\/www.saklub-idrija.si\/wp-content\/uploads\/2019\/03\/IMG-20190206-WA0006-300x225.jpg 300w, http:\/\/www.saklub-idrija.si\/wp-content\/uploads\/2019\/03\/IMG-20190206-WA0006-768x576.jpg 768w, http:\/\/www.saklub-idrija.si\/wp-content\/uploads\/2019\/03\/IMG-20190206-WA0006-1024x768.jpg 1024w, http:\/\/www.saklub-idrija.si\/wp-content\/uploads\/2019\/03\/IMG-20190206-WA0006-370x278.jpg 370w, http:\/\/www.saklub-idrija.si\/wp-content\/uploads\/2019\/03\/IMG-20190206-WA0006-1040x780.jpg 1040w, http:\/\/www.saklub-idrija.si\/wp-content\/uploads\/2019\/03\/IMG-20190206-WA0006.jpg 1600w\" sizes=\"(max-width: 300px) 100vw, 300px\" \/><\/a> <a href=\"http:\/\/www.saklub-idrija.si\/wp-content\/uploads\/2019\/03\/IMG-20190206-WA0005.jpg\"><img loading=\"lazy\" decoding=\"async\" class=\"aligncenter wp-image-949 size-medium\" src=\"http:\/\/www.saklub-idrija.si\/wp-content\/uploads\/2019\/03\/IMG-20190206-WA0005-300x225.jpg\" alt=\"\" width=\"300\" height=\"225\" srcset=\"http:\/\/www.saklub-idrija.si\/wp-content\/uploads\/2019\/03\/IMG-20190206-WA0005-300x225.jpg 300w, http:\/\/www.saklub-idrija.si\/wp-content\/uploads\/2019\/03\/IMG-20190206-WA0005-768x576.jpg 768w, http:\/\/www.saklub-idrija.si\/wp-content\/uploads\/2019\/03\/IMG-20190206-WA0005-1024x768.jpg 1024w, http:\/\/www.saklub-idrija.si\/wp-content\/uploads\/2019\/03\/IMG-20190206-WA0005-370x278.jpg 370w, http:\/\/www.saklub-idrija.si\/wp-content\/uploads\/2019\/03\/IMG-20190206-WA0005-1040x780.jpg 1040w, http:\/\/www.saklub-idrija.si\/wp-content\/uploads\/2019\/03\/IMG-20190206-WA0005.jpg 1600w\" sizes=\"(max-width: 300px) 100vw, 300px\" \/><\/a> <a href=\"http:\/\/www.saklub-idrija.si\/wp-content\/uploads\/2019\/03\/IMG-20190206-WA0004.jpg\"><img loading=\"lazy\" decoding=\"async\" class=\"aligncenter wp-image-948 size-medium\" src=\"http:\/\/www.saklub-idrija.si\/wp-content\/uploads\/2019\/03\/IMG-20190206-WA0004-225x300.jpg\" alt=\"\" width=\"225\" height=\"300\" srcset=\"http:\/\/www.saklub-idrija.si\/wp-content\/uploads\/2019\/03\/IMG-20190206-WA0004-225x300.jpg 225w, http:\/\/www.saklub-idrija.si\/wp-content\/uploads\/2019\/03\/IMG-20190206-WA0004-768x1024.jpg 768w, http:\/\/www.saklub-idrija.si\/wp-content\/uploads\/2019\/03\/IMG-20190206-WA0004-370x493.jpg 370w, http:\/\/www.saklub-idrija.si\/wp-content\/uploads\/2019\/03\/IMG-20190206-WA0004-1040x1387.jpg 1040w, http:\/\/www.saklub-idrija.si\/wp-content\/uploads\/2019\/03\/IMG-20190206-WA0004.jpg 1200w\" sizes=\"(max-width: 225px) 100vw, 225px\" \/><\/a> <a href=\"http:\/\/www.saklub-idrija.si\/wp-content\/uploads\/2019\/03\/IMG-20190206-WA0003.jpg\"><img loading=\"lazy\" decoding=\"async\" class=\"aligncenter wp-image-947 size-medium\" src=\"http:\/\/www.saklub-idrija.si\/wp-content\/uploads\/2019\/03\/IMG-20190206-WA0003-300x225.jpg\" alt=\"\" width=\"300\" height=\"225\" srcset=\"http:\/\/www.saklub-idrija.si\/wp-content\/uploads\/2019\/03\/IMG-20190206-WA0003-300x225.jpg 300w, http:\/\/www.saklub-idrija.si\/wp-content\/uploads\/2019\/03\/IMG-20190206-WA0003-768x576.jpg 768w, http:\/\/www.saklub-idrija.si\/wp-content\/uploads\/2019\/03\/IMG-20190206-WA0003-1024x768.jpg 1024w, http:\/\/www.saklub-idrija.si\/wp-content\/uploads\/2019\/03\/IMG-20190206-WA0003-370x278.jpg 370w, http:\/\/www.saklub-idrija.si\/wp-content\/uploads\/2019\/03\/IMG-20190206-WA0003-1040x780.jpg 1040w, http:\/\/www.saklub-idrija.si\/wp-content\/uploads\/2019\/03\/IMG-20190206-WA0003.jpg 1600w\" sizes=\"(max-width: 300px) 100vw, 300px\" \/><\/a> <a href=\"http:\/\/www.saklub-idrija.si\/wp-content\/uploads\/2019\/03\/IMG-20190206-WA0002.jpg\"><img loading=\"lazy\" decoding=\"async\" class=\"aligncenter wp-image-946 size-medium\" src=\"http:\/\/www.saklub-idrija.si\/wp-content\/uploads\/2019\/03\/IMG-20190206-WA0002-225x300.jpg\" alt=\"\" width=\"225\" height=\"300\" srcset=\"http:\/\/www.saklub-idrija.si\/wp-content\/uploads\/2019\/03\/IMG-20190206-WA0002-225x300.jpg 225w, http:\/\/www.saklub-idrija.si\/wp-content\/uploads\/2019\/03\/IMG-20190206-WA0002-768x1024.jpg 768w, http:\/\/www.saklub-idrija.si\/wp-content\/uploads\/2019\/03\/IMG-20190206-WA0002-370x493.jpg 370w, http:\/\/www.saklub-idrija.si\/wp-content\/uploads\/2019\/03\/IMG-20190206-WA0002-1040x1387.jpg 1040w, http:\/\/www.saklub-idrija.si\/wp-content\/uploads\/2019\/03\/IMG-20190206-WA0002.jpg 1200w\" sizes=\"(max-width: 225px) 100vw, 225px\" \/><\/a> <a href=\"http:\/\/www.saklub-idrija.si\/wp-content\/uploads\/2019\/03\/IMG-20190206-WA0001.jpg\"><img loading=\"lazy\" decoding=\"async\" class=\"aligncenter wp-image-945 size-medium\" src=\"http:\/\/www.saklub-idrija.si\/wp-content\/uploads\/2019\/03\/IMG-20190206-WA0001-225x300.jpg\" alt=\"\" width=\"225\" height=\"300\" srcset=\"http:\/\/www.saklub-idrija.si\/wp-content\/uploads\/2019\/03\/IMG-20190206-WA0001-225x300.jpg 225w, http:\/\/www.saklub-idrija.si\/wp-content\/uploads\/2019\/03\/IMG-20190206-WA0001-768x1024.jpg 768w, http:\/\/www.saklub-idrija.si\/wp-content\/uploads\/2019\/03\/IMG-20190206-WA0001-370x493.jpg 370w, http:\/\/www.saklub-idrija.si\/wp-content\/uploads\/2019\/03\/IMG-20190206-WA0001-1040x1387.jpg 1040w, http:\/\/www.saklub-idrija.si\/wp-content\/uploads\/2019\/03\/IMG-20190206-WA0001.jpg 1200w\" sizes=\"(max-width: 225px) 100vw, 225px\" \/><\/a> <a href=\"http:\/\/www.saklub-idrija.si\/wp-content\/uploads\/2019\/03\/IMG-20190206-WA0000.jpg\"><img loading=\"lazy\" decoding=\"async\" class=\"aligncenter wp-image-944 size-medium\" src=\"http:\/\/www.saklub-idrija.si\/wp-content\/uploads\/2019\/03\/IMG-20190206-WA0000-225x300.jpg\" alt=\"\" width=\"225\" height=\"300\" srcset=\"http:\/\/www.saklub-idrija.si\/wp-content\/uploads\/2019\/03\/IMG-20190206-WA0000-225x300.jpg 225w, http:\/\/www.saklub-idrija.si\/wp-content\/uploads\/2019\/03\/IMG-20190206-WA0000-768x1024.jpg 768w, http:\/\/www.saklub-idrija.si\/wp-content\/uploads\/2019\/03\/IMG-20190206-WA0000-370x493.jpg 370w, http:\/\/www.saklub-idrija.si\/wp-content\/uploads\/2019\/03\/IMG-20190206-WA0000-1040x1387.jpg 1040w, http:\/\/www.saklub-idrija.si\/wp-content\/uploads\/2019\/03\/IMG-20190206-WA0000.jpg 1200w\" sizes=\"(max-width: 225px) 100vw, 225px\" \/><\/a><\/p>\n<p><strong>Ned. 20.1.-<\/strong> Priden je na\u0161 Andra\u017e v Afriki. Sprejmejo tudi do 100 pacientov na dan, spoznavajo &#8216;bolezenska stanja&#8217;, ki jih v Evropi ne bi&#8230;.; \u010dez vikend pa se borijo s\u00a0\u0161\u010durki \ud83d\ude00 . Sre\u010dno \u0161e naprej!<\/p>\n<p>Nekaj foto\/video materiala:<\/p>\n<figure id=\"attachment_819\" aria-describedby=\"caption-attachment-819\" style=\"width: 266px\" class=\"wp-caption aligncenter\"><a href=\"http:\/\/www.saklub-idrija.si\/wp-content\/uploads\/2019\/01\/11.jpg\"><img loading=\"lazy\" decoding=\"async\" class=\"size-medium wp-image-819\" src=\"http:\/\/www.saklub-idrija.si\/wp-content\/uploads\/2019\/01\/11-266x300.jpg\" alt=\"\" width=\"266\" height=\"300\" srcset=\"http:\/\/www.saklub-idrija.si\/wp-content\/uploads\/2019\/01\/11-266x300.jpg 266w, http:\/\/www.saklub-idrija.si\/wp-content\/uploads\/2019\/01\/11.jpg 337w\" sizes=\"(max-width: 266px) 100vw, 266px\" \/><\/a><figcaption id=\"caption-attachment-819\" class=\"wp-caption-text\">Ambulanta<\/figcaption><\/figure>\n<p><iframe loading=\"lazy\" width=\"1040\" height=\"585\" src=\"https:\/\/www.youtube.com\/embed\/dV3fyyHxKSU?feature=oembed\" frameborder=\"0\" allow=\"accelerometer; autoplay; encrypted-media; gyroscope; picture-in-picture\" allowfullscreen><\/iframe><\/p>\n<p><a href=\"http:\/\/www.saklub-idrija.si\/wp-content\/uploads\/2019\/01\/1.jpg\"><img loading=\"lazy\" decoding=\"async\" class=\"aligncenter size-medium wp-image-807\" src=\"http:\/\/www.saklub-idrija.si\/wp-content\/uploads\/2019\/01\/1-300x225.jpg\" alt=\"\" width=\"300\" height=\"225\" srcset=\"http:\/\/www.saklub-idrija.si\/wp-content\/uploads\/2019\/01\/1-300x225.jpg 300w, http:\/\/www.saklub-idrija.si\/wp-content\/uploads\/2019\/01\/1-370x277.jpg 370w, http:\/\/www.saklub-idrija.si\/wp-content\/uploads\/2019\/01\/1.jpg 550w\" sizes=\"(max-width: 300px) 100vw, 300px\" \/><\/a><\/p>\n<p><a href=\"http:\/\/www.saklub-idrija.si\/wp-content\/uploads\/2019\/01\/2.jpg\"><img loading=\"lazy\" decoding=\"async\" class=\"aligncenter size-medium wp-image-808\" src=\"http:\/\/www.saklub-idrija.si\/wp-content\/uploads\/2019\/01\/2-300x225.jpg\" alt=\"\" width=\"300\" height=\"225\" srcset=\"http:\/\/www.saklub-idrija.si\/wp-content\/uploads\/2019\/01\/2-300x225.jpg 300w, http:\/\/www.saklub-idrija.si\/wp-content\/uploads\/2019\/01\/2-370x277.jpg 370w, http:\/\/www.saklub-idrija.si\/wp-content\/uploads\/2019\/01\/2.jpg 550w\" sizes=\"(max-width: 300px) 100vw, 300px\" \/><\/a><\/p>\n<p><a href=\"http:\/\/www.saklub-idrija.si\/wp-content\/uploads\/2019\/01\/3.jpg\"><img loading=\"lazy\" decoding=\"async\" class=\"aligncenter size-medium wp-image-809\" src=\"http:\/\/www.saklub-idrija.si\/wp-content\/uploads\/2019\/01\/3-169x300.jpg\" alt=\"\" width=\"169\" height=\"300\" srcset=\"http:\/\/www.saklub-idrija.si\/wp-content\/uploads\/2019\/01\/3-169x300.jpg 169w, http:\/\/www.saklub-idrija.si\/wp-content\/uploads\/2019\/01\/3.jpg 338w\" sizes=\"(max-width: 169px) 100vw, 169px\" \/><\/a><\/p>\n<p><a href=\"http:\/\/www.saklub-idrija.si\/wp-content\/uploads\/2019\/01\/4.jpg\"><img loading=\"lazy\" decoding=\"async\" class=\"aligncenter size-medium wp-image-810\" src=\"http:\/\/www.saklub-idrija.si\/wp-content\/uploads\/2019\/01\/4-169x300.jpg\" alt=\"\" width=\"169\" height=\"300\" srcset=\"http:\/\/www.saklub-idrija.si\/wp-content\/uploads\/2019\/01\/4-169x300.jpg 169w, http:\/\/www.saklub-idrija.si\/wp-content\/uploads\/2019\/01\/4.jpg 338w\" sizes=\"(max-width: 169px) 100vw, 169px\" \/><\/a><\/p>\n<p><a href=\"http:\/\/www.saklub-idrija.si\/wp-content\/uploads\/2019\/01\/8.jpg\"><img loading=\"lazy\" decoding=\"async\" class=\"aligncenter size-medium wp-image-814\" src=\"http:\/\/www.saklub-idrija.si\/wp-content\/uploads\/2019\/01\/8-225x300.jpg\" alt=\"\" width=\"225\" height=\"300\" srcset=\"http:\/\/www.saklub-idrija.si\/wp-content\/uploads\/2019\/01\/8-225x300.jpg 225w, http:\/\/www.saklub-idrija.si\/wp-content\/uploads\/2019\/01\/8-370x493.jpg 370w, http:\/\/www.saklub-idrija.si\/wp-content\/uploads\/2019\/01\/8.jpg 450w\" sizes=\"(max-width: 225px) 100vw, 225px\" \/><\/a><\/p>\n<p><a href=\"http:\/\/www.saklub-idrija.si\/wp-content\/uploads\/2019\/01\/5.jpg\"><img loading=\"lazy\" decoding=\"async\" class=\"aligncenter size-medium wp-image-811\" src=\"http:\/\/www.saklub-idrija.si\/wp-content\/uploads\/2019\/01\/5-300x225.jpg\" alt=\"\" width=\"300\" height=\"225\" srcset=\"http:\/\/www.saklub-idrija.si\/wp-content\/uploads\/2019\/01\/5-300x225.jpg 300w, http:\/\/www.saklub-idrija.si\/wp-content\/uploads\/2019\/01\/5-370x277.jpg 370w, http:\/\/www.saklub-idrija.si\/wp-content\/uploads\/2019\/01\/5.jpg 550w\" sizes=\"(max-width: 300px) 100vw, 300px\" \/><\/a><\/p>\n<p><a href=\"http:\/\/www.saklub-idrija.si\/wp-content\/uploads\/2019\/01\/6.jpg\"><img loading=\"lazy\" decoding=\"async\" class=\"aligncenter size-medium wp-image-812\" src=\"http:\/\/www.saklub-idrija.si\/wp-content\/uploads\/2019\/01\/6-300x225.jpg\" alt=\"\" width=\"300\" height=\"225\" srcset=\"http:\/\/www.saklub-idrija.si\/wp-content\/uploads\/2019\/01\/6-300x225.jpg 300w, http:\/\/www.saklub-idrija.si\/wp-content\/uploads\/2019\/01\/6-370x277.jpg 370w, http:\/\/www.saklub-idrija.si\/wp-content\/uploads\/2019\/01\/6.jpg 550w\" sizes=\"(max-width: 300px) 100vw, 300px\" \/><\/a><\/p>\n<p><a href=\"http:\/\/www.saklub-idrija.si\/wp-content\/uploads\/2019\/01\/7.jpg\"><img loading=\"lazy\" decoding=\"async\" class=\"aligncenter size-medium wp-image-813\" src=\"http:\/\/www.saklub-idrija.si\/wp-content\/uploads\/2019\/01\/7-300x225.jpg\" alt=\"\" width=\"300\" height=\"225\" srcset=\"http:\/\/www.saklub-idrija.si\/wp-content\/uploads\/2019\/01\/7-300x225.jpg 300w, http:\/\/www.saklub-idrija.si\/wp-content\/uploads\/2019\/01\/7-370x277.jpg 370w, http:\/\/www.saklub-idrija.si\/wp-content\/uploads\/2019\/01\/7.jpg 550w\" sizes=\"(max-width: 300px) 100vw, 300px\" \/><\/a><\/p>\n<p><a href=\"http:\/\/www.saklub-idrija.si\/wp-content\/uploads\/2019\/01\/9.jpg\"><img loading=\"lazy\" decoding=\"async\" class=\"aligncenter size-medium wp-image-815\" src=\"http:\/\/www.saklub-idrija.si\/wp-content\/uploads\/2019\/01\/9-300x225.jpg\" alt=\"\" width=\"300\" height=\"225\" srcset=\"http:\/\/www.saklub-idrija.si\/wp-content\/uploads\/2019\/01\/9-300x225.jpg 300w, http:\/\/www.saklub-idrija.si\/wp-content\/uploads\/2019\/01\/9-370x277.jpg 370w, http:\/\/www.saklub-idrija.si\/wp-content\/uploads\/2019\/01\/9.jpg 550w\" sizes=\"(max-width: 300px) 100vw, 300px\" \/><\/a><\/p>\n<p><a href=\"http:\/\/www.saklub-idrija.si\/wp-content\/uploads\/2019\/01\/10.jpg\"><img loading=\"lazy\" decoding=\"async\" class=\"aligncenter size-medium wp-image-816\" src=\"http:\/\/www.saklub-idrija.si\/wp-content\/uploads\/2019\/01\/10-225x300.jpg\" alt=\"\" width=\"225\" height=\"300\" srcset=\"http:\/\/www.saklub-idrija.si\/wp-content\/uploads\/2019\/01\/10-225x300.jpg 225w, http:\/\/www.saklub-idrija.si\/wp-content\/uploads\/2019\/01\/10-370x493.jpg 370w, http:\/\/www.saklub-idrija.si\/wp-content\/uploads\/2019\/01\/10.jpg 450w\" sizes=\"(max-width: 225px) 100vw, 225px\" \/><\/a><\/p>\n<hr \/>\n<p><strong>Ned. 9.12.-<\/strong> Andra\u017e in ostali \u010dlani odprave se iskreno zahvaljujejo za va\u0161 nesebi\u010dni prispevek! Kon\u010dne priprave so v polnem teku, proti Afriki namre\u010d odrinejo \u017ee 5. januarja&#8230; \u010ce bo le mo\u017eno, bomo na tej strani objavili kako informacijo s terena. Ne dvomimo, da bodo mladi humanitarci upravi\u010dili na\u0161e zaupanje!<\/p>\n<hr \/>\n<p><strong>November-<\/strong> Nekateri \u017ee veste, nekateri boste pa zdaj izvedeli. Na\u0161 klubski kolega, sosed, \u017elahtnik, prijatelj in sve\u017ee diplomirani zdravstvenik Andra\u017e Jereb, se v za\u010detku naslednjega leta odpravlja na humanitarno medicinsko odpravo v Kenijo. Da pa se bo res lahko odpravil, se\u00a0je humanitarnost za\u010dela \u017ee nekoliko prej. Dekleta in fantje morajo namre\u010d denar za odpravo zbrati sami! Ker Andra\u017ea poznamo, mu bomo seveda pomagali. Nekaj malega bo prispeval klub, za nekajkrat po nekaj malega pa napro\u0161amo vas, spo\u0161tovani sanka\u010di, ljubitelji sankanja in ostali ljudje s srcem na pravem mestu.<\/p>\n<h3 style=\"text-align: center;\"><strong>\u010casa po\u010dasi zmanjkuje, sredstev pa \u0161e ni dovolj!<\/strong><\/h3>\n<p>Donirate lahko na razli\u010dne na\u010dine:<\/p>\n<ul>\n<li>Po\u0161ljete SMS z besedo <strong>Medicina5<\/strong> na 1919 in s tem prispevate 5\u20ac.<\/li>\n<li>Poljuben znesek naka\u017eete na TRR Medicinske fakultete, <strong><u>kjer z ustreznim Sklicem in Namenom<\/u><\/strong> poskrbite, da bo denar pri\u0161el v prave roke. Ve\u010d podatkov za nakazilo na &gt;&gt;<a href=\"https:\/\/humanitarnaodprava.wixsite.com\/majiwa2019\/podprite-nas\" target=\"_blank\" rel=\"noopener noreferrer\">povezavi<\/a>&lt;&lt;<\/li>\n<li>\u010ce je na voljo \u0161e kaj majic, vre\u010dk, zaznamkov za knjige ali sorodnih artiklov z logotipom odprave; ter na kak\u0161en na\u010din lahko pridete do njih,\u00a0bo pa potrebno Andra\u017ea vpra\u0161ati.<\/li>\n<\/ul>\n<p>Povezave:<\/p>\n<ul>\n<li><a href=\"https:\/\/m.facebook.com\/andraz.jereb.35\" target=\"_blank\" rel=\"noopener noreferrer\">Andra\u017eev FB profil<\/a><\/li>\n<li><a href=\"https:\/\/humanitarnaodprava.wixsite.com\/majiwa2019\" target=\"_blank\" rel=\"noopener noreferrer\">Doma\u010da stran odprave <\/a><\/li>\n<li><a href=\"https:\/\/m.facebook.com\/Humanitarno-medicinska-odprava-Kenija-Majiwa-2019-363570814049515\/\" target=\"_blank\" rel=\"noopener noreferrer\">FB stran odprave<\/a><\/li>\n<li><a href=\"https:\/\/www.delo.si\/novice\/slovenija\/tri-kave-banjica-sladoleda-kino-vstopnica-in-na-drugi-strani-deset-nahranjenih-otrok-76029.html\" target=\"_blank\" rel=\"noopener noreferrer\">Zapis v Delu<\/a><\/li>\n<\/ul>\n<p><strong>Lastniki FB profilov in ostalih moderno-marketin\u0161kih socialno-medijskih pripomo\u010dkov ste vljudno napro\u0161eni za \u0161iritev te informacije in zgornjih linkov.<\/strong><\/p>\n<h3 style=\"text-align: center;\"><strong>Za dodatna pojasnila se lahko obrnete tudi na tajnika SaK Idrija.<\/strong><\/h3>\n<h3 style=\"text-align: center;\"><img loading=\"lazy\" decoding=\"async\" class=\"aligncenter size-full wp-image-690\" src=\"http:\/\/www.saklub-idrija.si\/wp-content\/uploads\/2018\/11\/MajiwaLogo.jpg\" alt=\"\" width=\"632\" height=\"587\" srcset=\"http:\/\/www.saklub-idrija.si\/wp-content\/uploads\/2018\/11\/MajiwaLogo.jpg 632w, http:\/\/www.saklub-idrija.si\/wp-content\/uploads\/2018\/11\/MajiwaLogo-300x279.jpg 300w, http:\/\/www.saklub-idrija.si\/wp-content\/uploads\/2018\/11\/MajiwaLogo-370x344.jpg 370w\" sizes=\"(max-width: 632px) 100vw, 632px\" \/><\/h3>\n","protected":false},"excerpt":{"rendered":"<p>Tor. 28.5.- Skoraj dva meseca sta pretekla od zaklju\u010dka delovnega dela odprave. \u0160ele danes pi\u0161em iz enega samega razloga: mali Gavin, ki je potreboval nujno operacijo in za katerega smo zbirali dodatna finan\u010dna sredstva, je[&#8230;]<\/p>\n","protected":false},"author":2,"featured_media":0,"parent":0,"menu_order":0,"comment_status":"closed","ping_status":"closed","template":"","meta":{"footnotes":""},"_links":{"self":[{"href":"http:\/\/www.saklub-idrija.si\/index.php?rest_route=\/wp\/v2\/pages\/687"}],"collection":[{"href":"http:\/\/www.saklub-idrija.si\/index.php?rest_route=\/wp\/v2\/pages"}],"about":[{"href":"http:\/\/www.saklub-idrija.si\/index.php?rest_route=\/wp\/v2\/types\/page"}],"author":[{"embeddable":true,"href":"http:\/\/www.saklub-idrija.si\/index.php?rest_route=\/wp\/v2\/users\/2"}],"replies":[{"embeddable":true,"href":"http:\/\/www.saklub-idrija.si\/index.php?rest_route=%2Fwp%2Fv2%2Fcomments&post=687"}],"version-history":[{"count":15,"href":"http:\/\/www.saklub-idrija.si\/index.php?rest_route=\/wp\/v2\/pages\/687\/revisions"}],"predecessor-version":[{"id":1211,"href":"http:\/\/www.saklub-idrija.si\/index.php?rest_route=\/wp\/v2\/pages\/687\/revisions\/1211"}],"wp:attachment":[{"href":"http:\/\/www.saklub-idrija.si\/index.php?rest_route=%2Fwp%2Fv2%2Fmedia&parent=687"}],"curies":[{"name":"wp","href":"https:\/\/api.w.org\/{rel}","templated":true}]}}